{"id":6,"date":"2023-05-19T13:51:46","date_gmt":"2023-05-19T13:51:46","guid":{"rendered":"https:\/\/golfleaderboard.be\/golf\/?page_id=6"},"modified":"2024-02-15T12:15:13","modified_gmt":"2024-02-15T11:15:13","slug":"a-propos-de","status":"publish","type":"page","link":"https:\/\/golfendirect.fr\/golf\/","title":{"rendered":"Golf : Partagez votre carte de scores digitale en direct"},"content":{"rendered":"\n<figure class=\"wp-block-embed is-type-video is-provider-youtube wp-block-embed-youtube wp-embed-aspect-16-9 wp-has-aspect-ratio\"><div class=\"wp-block-embed__wrapper\">\n<iframe loading=\"lazy\" title=\"Partagez les scores de votre partie de golf avec vos amis en direct sur votre mobile\" width=\"525\" height=\"295\" src=\"https:\/\/www.youtube.com\/embed\/ShqYUKvIKeU?feature=oembed\" frameborder=\"0\" allow=\"accelerometer; autoplay; clipboard-write; encrypted-media; gyroscope; picture-in-picture; web-share\" referrerpolicy=\"strict-origin-when-cross-origin\" allowfullscreen><\/iframe>\n<\/div><\/figure>\n\n\n<h2 class=\"wp-block-heading\">Fonctionnement de la carte de score digitale :<\/h2>\n<p><!-- \/wp:post-content --><\/p>\n<p><!-- wp:image {\"id\":81,\"sizeSlug\":\"full\",\"linkDestination\":\"custom\"} --><\/p>\n<figure class=\"wp-block-image size-full\"><a href=\"\/qr-connect.asp?lang=FR\"><img loading=\"lazy\" decoding=\"async\" width=\"504\" height=\"498\" class=\"wp-image-81\" src=\"https:\/\/golfendirect.fr\/golf\/wp-content\/uploads\/2023\/05\/golf-app.png\" alt=\"\" srcset=\"https:\/\/golfendirect.fr\/golf\/wp-content\/uploads\/2023\/05\/golf-app.png 504w, https:\/\/golfendirect.fr\/golf\/wp-content\/uploads\/2023\/05\/golf-app-300x296.png 300w, https:\/\/golfendirect.fr\/golf\/wp-content\/uploads\/2023\/05\/golf-app-100x100.png 100w\" sizes=\"auto, (max-width: 504px) 100vw, 504px\" \/><\/a><\/figure>\n<p><!-- \/wp:image --><\/p>\n<p><!-- wp:group {\"layout\":{\"type\":\"constrained\"}} --><\/p>\n<div class=\"wp-block-group\"><!-- wp:list -->\n<ul>\n<li style=\"list-style-type: none;\">\n<ul><!-- wp:list-item -->\n<li style=\"font-weight: 400;\" aria-level=\"1\"><span style=\"font-weight: 400;\"><span style=\"font-weight: 400;\">Facile ! Un seul joueur par flight encode les points !<\/span><\/span><\/li>\n<li style=\"font-weight: 400;\" aria-level=\"1\"><span style=\"font-weight: 400;\"><span style=\"font-weight: 400;\">C&rsquo;est un syst\u00e8me r\u00e9volutionnaire : aucune saisie manuelle de chiffre n&rsquo;est n\u00e9cessaire, c&rsquo;est comme un boulier, ce qui rend le processus de saisie facile, m\u00eame sans lunettes.<\/span><\/span><\/li>\n<li style=\"font-weight: 400;\" aria-level=\"1\"><span style=\"font-weight: 400;\"><span style=\"font-weight: 400;\">Grace \u00e0 sa carde de score digitale, ce site innovant vous permet de partager en temps r\u00e9el VOS SCORES de golf PENDANT VOTRE PARTIE de golf et comparez VOTRE classement g\u00e9n\u00e9ral EN DIRECT avec celui de tous les autres joueurs qui participent. <br \/>Que ce soit lors d&rsquo;une partie amicale, d&rsquo;un tournoi ou de championnats de votre club. <br \/>Les r\u00e9sultats seront affich\u00e9s sur vos smartphones Android, iPhones, et m\u00eame en simultan\u00e9 via le menu \u201cClassement\u201d sur la smart TV de votre club-house.<\/span><\/span><\/li>\n<li style=\"font-weight: 400;\" aria-level=\"1\"><span style=\"font-weight: 400;\">A la grande joie de votre \u00e9pouse, elle pourra consulter vos scores en direct sur son t\u00e9l\u00e9phone mobile, car comme nous le savons tous, elle est passionn\u00e9e par chacun de vos coups sur le parcours ! \ud83e\udd23<br \/><\/span><span style=\"font-weight: 400;\">\u00a0<\/span><\/li>\n<li style=\"font-weight: 400;\" aria-level=\"1\"><span style=\"font-weight: 400;\">La prochaine fois que vous jouez avec vos amis, partagez ce site pour leur montrer qui est le meilleur !<\/span><\/li>\n<\/ul>\n<\/li>\n<\/ul>\n<p><!-- \/wp:list-item --><\/p>\n<p><!-- \/wp:list --><\/p>\n<\/div>\n<p><!-- \/wp:group --><\/p>\n<p><!-- wp:image {\"id\":82,\"sizeSlug\":\"full\",\"linkDestination\":\"custom\"} --><\/p>\n<figure class=\"wp-block-image size-full\"><a href=\"\/qr-connect.asp?lb=y&amp;lang=FR\"><img loading=\"lazy\" decoding=\"async\" width=\"519\" height=\"500\" class=\"wp-image-82\" src=\"https:\/\/golfendirect.fr\/golf\/wp-content\/uploads\/2023\/05\/golf-leaderboard.png\" alt=\"\" srcset=\"https:\/\/golfendirect.fr\/golf\/wp-content\/uploads\/2023\/05\/golf-leaderboard.png 519w, https:\/\/golfendirect.fr\/golf\/wp-content\/uploads\/2023\/05\/golf-leaderboard-300x289.png 300w\" sizes=\"auto, (max-width: 519px) 100vw, 519px\" \/><\/a><\/figure>\n<p><!-- \/wp:image --><\/p>\n<p><!-- wp:paragraph --><\/p>\n<p style=\"text-align: center;\"><em>Profitez-en! Pendant la phase exp\u00e9rimentale, c&rsquo;est gratuit !<\/em><\/p>\n<p><strong>Utilisez ce QR-CODE pour partager ce site avec vos amis<\/strong><\/p>\n<p><!-- \/wp:paragraph --><\/p>\n<p><!-- wp:image {\"align\":\"center\",\"id\":240,\"sizeSlug\":\"full\",\"linkDestination\":\"none\"} --><\/p>\n<figure class=\"wp-block-image aligncenter size-full\"><img loading=\"lazy\" decoding=\"async\" width=\"164\" height=\"164\" class=\"wp-image-240\" src=\"https:\/\/golfendirect.fr\/golf\/wp-content\/uploads\/2024\/01\/golfendirect.png\" alt=\"golfendirect.fr\" srcset=\"https:\/\/golfendirect.fr\/golf\/wp-content\/uploads\/2024\/01\/golfendirect.png 164w, https:\/\/golfendirect.fr\/golf\/wp-content\/uploads\/2024\/01\/golfendirect-150x150.png 150w, https:\/\/golfendirect.fr\/golf\/wp-content\/uploads\/2024\/01\/golfendirect-100x100.png 100w\" sizes=\"auto, (max-width: 164px) 100vw, 164px\" \/><\/figure>\n<p><!-- \/wp:image --><\/p>","protected":false},"excerpt":{"rendered":"<p>Fonctionnement de la carte de score digitale : Facile ! Un seul joueur par flight encode les points ! C&rsquo;est un syst\u00e8me r\u00e9volutionnaire : aucune saisie manuelle de chiffre n&rsquo;est n\u00e9cessaire, c&rsquo;est comme un boulier, ce qui rend le processus de saisie facile, m\u00eame sans lunettes. Grace \u00e0 sa carde de score digitale, ce site &hellip; <\/p>\n<p class=\"link-more\"><a href=\"https:\/\/golfendirect.fr\/golf\/\" class=\"more-link\">Continuer la lecture<span class=\"screen-reader-text\"> de &laquo;&nbsp;Golf : Partagez votre carte de scores digitale en direct&nbsp;&raquo;<\/span><\/a><\/p>\n","protected":false},"author":1,"featured_media":0,"parent":0,"menu_order":0,"comment_status":"closed","ping_status":"closed","template":"","meta":{"footnotes":""},"class_list":["post-6","page","type-page","status-publish","hentry"],"_links":{"self":[{"href":"https:\/\/golfendirect.fr\/golf\/index.php\/wp-json\/wp\/v2\/pages\/6","targetHints":{"allow":["GET"]}}],"collection":[{"href":"https:\/\/golfendirect.fr\/golf\/index.php\/wp-json\/wp\/v2\/pages"}],"about":[{"href":"https:\/\/golfendirect.fr\/golf\/index.php\/wp-json\/wp\/v2\/types\/page"}],"author":[{"embeddable":true,"href":"https:\/\/golfendirect.fr\/golf\/index.php\/wp-json\/wp\/v2\/users\/1"}],"replies":[{"embeddable":true,"href":"https:\/\/golfendirect.fr\/golf\/index.php\/wp-json\/wp\/v2\/comments?post=6"}],"version-history":[{"count":73,"href":"https:\/\/golfendirect.fr\/golf\/index.php\/wp-json\/wp\/v2\/pages\/6\/revisions"}],"predecessor-version":[{"id":255,"href":"https:\/\/golfendirect.fr\/golf\/index.php\/wp-json\/wp\/v2\/pages\/6\/revisions\/255"}],"wp:attachment":[{"href":"https:\/\/golfendirect.fr\/golf\/index.php\/wp-json\/wp\/v2\/media?parent=6"}],"curies":[{"name":"wp","href":"https:\/\/api.w.org\/{rel}","templated":true}]}}